{"id":20,"date":"2018-07-12T10:54:29","date_gmt":"2018-07-12T08:54:29","guid":{"rendered":"https:\/\/sp7zabrze.edu.pl\/?page_id=20"},"modified":"2024-04-24T18:12:23","modified_gmt":"2024-04-24T16:12:23","slug":"o-nas","status":"publish","type":"page","link":"https:\/\/sp7zabrze.edu.pl\/?page_id=20","title":{"rendered":"O szkole"},"content":{"rendered":"\n<figure class=\"wp-block-gallery has-nested-images columns-default is-cropped wp-block-gallery-1 is-layout-flex wp-block-gallery-is-layout-flex\">\n<figure class=\"wp-block-image size-large\"><img fetchpriority=\"high\" decoding=\"async\" width=\"4000\" height=\"1800\" data-id=\"2119\" src=\"https:\/\/sp7zabrze.edu.pl\/wp-content\/uploads\/2024\/04\/375048575_806496598146106_447384031408338304_n-fotor-20240424174929-1.jpg\" alt=\"\" class=\"wp-image-2119\"\/><figcaption class=\"wp-element-caption\">obecnie&#8230;2024 rok<\/figcaption><\/figure>\n\n\n\n<figure class=\"wp-block-image size-large\"><img decoding=\"async\" width=\"2048\" height=\"922\" data-id=\"2117\" src=\"https:\/\/sp7zabrze.edu.pl\/wp-content\/uploads\/2024\/04\/375660055_806496641479435_3191533695079363057_n-fotor-20240424175310.jpg\" alt=\"\" class=\"wp-image-2117\"\/><figcaption class=\"wp-element-caption\">obecnie&#8230;2024 rok<\/figcaption><\/figure>\n<\/figure>\n\n\n\n<div class=\"wp-block-columns are-vertically-aligned-center is-layout-flex wp-container-core-columns-is-layout-9d6595d7 wp-block-columns-is-layout-flex\">\n<div class=\"wp-block-column is-vertically-aligned-center is-layout-flow wp-block-column-is-layout-flow\" style=\"flex-basis:100%\">\n<figure class=\"wp-block-gallery has-nested-images columns-default is-cropped wp-block-gallery-2 is-layout-flex wp-block-gallery-is-layout-flex\">\n<figure class=\"wp-block-image size-large\"><img decoding=\"async\" width=\"4000\" height=\"1024\" data-id=\"2120\" src=\"https:\/\/sp7zabrze.edu.pl\/wp-content\/uploads\/2024\/04\/banner-e1531768228792-fotor-2024042418612.jpg\" alt=\"\" class=\"wp-image-2120\"\/><figcaption class=\"wp-element-caption\">dawno temu&#8230;.<\/figcaption><\/figure>\n<\/figure>\n<\/div>\n<\/div>\n\n\n<p style=\"text-align: center;\"><strong>Historia Szko\u0142y Podstawowej nr 7 w Zabrzu<\/strong><\/p>\n<p>\u00a0<\/p>\n<p>Nasza szko\u0142a, Szko\u0142a Podstawowa nr 7 w Zabrzu, znana jest z dynamicznej historii i osi\u0105gni\u0119\u0107. Zosta\u0142a uroczy\u015bcie otwarta 1 wrze\u015bnia 1983 roku, zyskuj\u0105c miejsce na edukacyjnej mapie miasta jako jedna z jego nowszych plac\u00f3wek. Uroczysto\u015b\u0107 otwarcia zgromadzi\u0142a przedstawicieli w\u0142adz lokalnych, o\u015bwiatowych, wykonawc\u00f3w budowy, a tak\u017ce rodzic\u00f3w i uczni\u00f3w, \u015bwi\u0119tuj\u0105cych razem ten wa\u017cny dzie\u0144.<\/p>\n<p>Na przestrzeni lat szko\u0142a sta\u0142a si\u0119 domem dla innowacji pedagogicznych oraz centrum kulturalnym, gdzie ka\u017cde dziecko ma szans\u0119 na rozw\u00f3j swoich pasji i talent\u00f3w. W pocz\u0105tkowych latach dzia\u0142alno\u015bci, jak donosi\u0142y \u00f3wczesne media, szko\u0142a dysponowa\u0142a 24 klasami i dwoma oddzia\u0142ami przedszkolnymi. Z biegiem lat liczba uczni\u00f3w wzros\u0142a, a wraz z ni\u0105 i infrastruktura: od sal lekcyjnych, przez pracownie specjalistyczne, a\u017c po estetyczn\u0105 sto\u0142\u00f3wk\u0119 i przestronn\u0105 hal\u0119 sportow\u0105.<\/p>\n<p>Prze\u0142omowym momentem by\u0142o nadanie szkole imienia Stanis\u0142awa Wyspia\u0144skiego w 1989 roku, co podkre\u015bli\u0142o zami\u0142owanie do szeroko poj\u0119tej kultury i sztuki. Kolejne lata przynios\u0142y reformy edukacyjne, kt\u00f3re przekszta\u0142ci\u0142y instytucj\u0119 w dynamicznie rozwijaj\u0105c\u0105 si\u0119 plac\u00f3wk\u0119, odpowiadaj\u0105c\u0105 na potrzeby nowoczesnej edukacji. Szko\u0142a nie tylko rozwija\u0142a programy nauczania, ale tak\u017ce infrastruktur\u0119, dzi\u0119ki czemu w 2009 roku mog\u0142a cieszy\u0107 si\u0119 nowoczesnym wyposa\u017ceniem z programu &#8222;Radosna Szko\u0142a&#8221;.<\/p>\n<p>Z roku na rok nasza szko\u0142a poszerza\u0142a ofert\u0119 edukacyjn\u0105, dostosowuj\u0105c si\u0119 do zmieniaj\u0105cych si\u0119 oczekiwa\u0144 spo\u0142ecznych i edukacyjnych. Od projekt\u00f3w dotycz\u0105cych zdrowego stylu \u017cycia, poprzez rozwijanie umiej\u0119tno\u015bci cyfrowych, a\u017c po zaanga\u017cowanie w og\u00f3lnokrajowe konkursy i inicjatywy kulturalne. Szko\u0142a sta\u0142a si\u0119 tak\u017ce aren\u0105 licznych imprez i wydarze\u0144, kt\u00f3re nie tylko urozmaica\u0142y \u017cycie uczni\u00f3w, ale tak\u017ce integrowa\u0142y lokaln\u0105 spo\u0142eczno\u015b\u0107.<\/p>\n<p>Obecnie, po kolejnych reformach, Szko\u0142a Podstawowa nr 7 w Zabrzu jest miejscem, gdzie tradycja \u0142\u0105czy si\u0119 z nowoczesno\u015bci\u0105. Uczniowie maj\u0105 do dyspozycji zmodernizowane sale lekcyjne, bogato wyposa\u017cone pracownie przedmiotowe i dost\u0119p do najnowszych technologii edukacyjnych. Wszystko to w atmosferze, kt\u00f3ra sprzyja nie tylko nauce, ale i wzajemnemu szacunkowi oraz wsp\u00f3\u0142pracy.<\/p>\n<p>Dzi\u0119ki wsp\u00f3lnemu zaanga\u017cowaniu dyrekcji, nauczycieli, uczni\u00f3w oraz ich rodzin, Szko\u0142a Podstawowa nr 7 w Zabrzu nieustannie rozwija si\u0119, b\u0119d\u0105c \u017cywym \u015bwiadkiem zmieniaj\u0105cej si\u0119 rzeczywisto\u015bci edukacyjnej i spo\u0142ecznej. Nasza historia to opowie\u015b\u0107 o pasji do nauki, szacunku dla tradycji i otwarto\u015bci na przysz\u0142o\u015b\u0107.<\/p>\n<p>Katarzyna Korfanty &#8211; Kusz<br \/>Beata Suiska<\/p>","protected":false},"excerpt":{"rendered":"<p>Historia Szko\u0142y Podstawowej nr 7 w Zabrzu \u00a0 Nasza szko\u0142a, Szko\u0142a Podstawowa nr 7 w Zabrzu, znana jest z dynamicznej <a href=\"https:\/\/sp7zabrze.edu.pl\/?page_id=20\" class=\"read-more\">Read More &#8230;<\/a><\/p>\n","protected":false},"author":1,"featured_media":0,"parent":0,"menu_order":0,"comment_status":"closed","ping_status":"closed","template":"","meta":{"_EventAllDay":false,"_EventTimezone":"","_EventStartDate":"","_EventEndDate":"","_EventStartDateUTC":"","_EventEndDateUTC":"","_EventShowMap":false,"_EventShowMapLink":false,"_EventURL":"","_EventCost":"","_EventCostDescription":"","_EventCurrencySymbol":"","_EventCurrencyCode":"","_EventCurrencyPosition":"","_EventDateTimeSeparator":"","_EventTimeRangeSeparator":"","_EventOrganizerID":[],"_EventVenueID":[],"_OrganizerEmail":"","_OrganizerPhone":"","_OrganizerWebsite":"","_VenueAddress":"","_VenueCity":"","_VenueCountry":"","_VenueProvince":"","_VenueState":"","_VenueZip":"","_VenuePhone":"","_VenueURL":"","_VenueStateProvince":"","_VenueLat":"","_VenueLng":"","_VenueShowMap":false,"_VenueShowMapLink":false,"footnotes":""},"class_list":["post-20","page","type-page","status-publish","hentry"],"_links":{"self":[{"href":"https:\/\/sp7zabrze.edu.pl\/index.php?rest_route=\/wp\/v2\/pages\/20","targetHints":{"allow":["GET"]}}],"collection":[{"href":"https:\/\/sp7zabrze.edu.pl\/index.php?rest_route=\/wp\/v2\/pages"}],"about":[{"href":"https:\/\/sp7zabrze.edu.pl\/index.php?rest_route=\/wp\/v2\/types\/page"}],"author":[{"embeddable":true,"href":"https:\/\/sp7zabrze.edu.pl\/index.php?rest_route=\/wp\/v2\/users\/1"}],"replies":[{"embeddable":true,"href":"https:\/\/sp7zabrze.edu.pl\/index.php?rest_route=%2Fwp%2Fv2%2Fcomments&post=20"}],"version-history":[{"count":10,"href":"https:\/\/sp7zabrze.edu.pl\/index.php?rest_route=\/wp\/v2\/pages\/20\/revisions"}],"predecessor-version":[{"id":2123,"href":"https:\/\/sp7zabrze.edu.pl\/index.php?rest_route=\/wp\/v2\/pages\/20\/revisions\/2123"}],"wp:attachment":[{"href":"https:\/\/sp7zabrze.edu.pl\/index.php?rest_route=%2Fwp%2Fv2%2Fmedia&parent=20"}],"curies":[{"name":"wp","href":"https:\/\/api.w.org\/{rel}","templated":true}]}}