{"id":537,"date":"2019-03-27T21:10:15","date_gmt":"2019-03-27T20:10:15","guid":{"rendered":"https:\/\/sp7zabrze.edu.pl\/?page_id=537"},"modified":"2026-03-09T11:01:20","modified_gmt":"2026-03-09T10:01:20","slug":"pozostala-rekrutacja-i-wnioski","status":"publish","type":"page","link":"https:\/\/sp7zabrze.edu.pl\/?page_id=537","title":{"rendered":"Rekrutacja i wnioski"},"content":{"rendered":"\t\t<div data-elementor-type=\"wp-page\" data-elementor-id=\"537\" class=\"elementor elementor-537\">\n\t\t\t\t<div class=\"elementor-element elementor-element-faf545b e-flex e-con-boxed e-con e-parent\" data-id=\"faf545b\" data-element_type=\"container\" data-e-type=\"container\">\n\t\t\t\t\t<div class=\"e-con-inner\">\n\t\t\t\t<div class=\"elementor-element elementor-element-22b9f16 elementor-widget elementor-widget-heading\" data-id=\"22b9f16\" data-element_type=\"widget\" data-e-type=\"widget\" data-widget_type=\"heading.default\">\n\t\t\t\t<div class=\"elementor-widget-container\">\n\t\t\t\t\t<h2 class=\"elementor-heading-title elementor-size-default\">Rekrutacja do klasy dwuj\u0119zycznej na rok szkolny 2026\/2027<\/h2>\t\t\t\t<\/div>\n\t\t\t\t<\/div>\n\t\t\t\t<div class=\"elementor-element elementor-element-80fc81d elementor-widget elementor-widget-text-editor\" data-id=\"80fc81d\" data-element_type=\"widget\" data-e-type=\"widget\" data-widget_type=\"text-editor.default\">\n\t\t\t\t<div class=\"elementor-widget-container\">\n\t\t\t\t\t\t\t\t\t<div>\n<p class=\"isSelectedEnd\">W nadchodz\u0105cym roku szkolnym planujemy utworzenie klasy dwuj\u0119zycznej na poziomie klasy si\u00f3dmej. Oferta skierowana jest do uczni\u00f3w zainteresowanych intensywnym rozwojem kompetencji j\u0119zykowych.<\/p>\n<p class=\"isSelectedEnd\">W ramach rozszerzonego programu realizowane b\u0119d\u0105 dodatkowe 2 godziny j\u0119zyka angielskiego tygodniowo.<\/p>\n<p class=\"isSelectedEnd\">Ponadto wybrane tre\u015bci z biologii oraz chemii b\u0119d\u0105 nauczane z elementami j\u0119zyka angielskiego, co umo\u017cliwi uczniom rozwijanie specjalistycznego s\u0142ownictwa oraz praktyczne wykorzystywanie j\u0119zyka w kontek\u015bcie przedmiotowym.<\/p>\n<p>Szczeg\u00f3\u0142owe informacje dotycz\u0105ce zasad oraz termin\u00f3w rekrutacji znajduj\u0105 si\u0119 w za\u0142\u0105czonym regulaminie.<\/p>\n<\/div>\n<div class=\"wp-block-file\"><a id=\"wp-block-file--media-b1c7ce80-43b0-47de-96c6-d5c093b545eb\" href=\"https:\/\/sp7zabrze.edu.pl\/wp-content\/uploads\/2024\/02\/Wniosek-o-przyjecie-do-klasy-dwujezycznej-1.pdf\">Wniosek dziecka do klasy dwuj\u0119zycznej<\/a><a class=\"wp-block-file__button wp-element-button\" href=\"https:\/\/sp7zabrze.edu.pl\/wp-content\/uploads\/2026\/02\/Wniosek-o-przyje\u0328cie-do-klasy-dwuje\u0328zycznej-26-27.pdf\" download=\"\" aria-describedby=\"wp-block-file--media-b1c7ce80-43b0-47de-96c6-d5c093b545eb\">Pobierz<\/a><\/div>\n<p><!-- \/wp:file --><\/p>\n<p><!-- wp:file {\"id\":1945,\"href\":\"https:\/\/sp7zabrze.edu.pl\/wp-content\/uploads\/2024\/02\/Regulamin-rekrutacji-oddzial-dwujezyczny-20242025.pdf\",\"displayPreview\":false} --><\/p>\n<div class=\"wp-block-file\"><a id=\"wp-block-file--media-e909a9c5-1774-4358-bbb1-46f4d3d93bbb\" href=\"https:\/\/sp7zabrze.edu.pl\/wp-content\/uploads\/2025\/02\/Regulamin-klasa-dwujezyczna.pdf\">Regulamin rekrutacji &#8211; oddzia\u0142 dwuj\u0119zyczny <\/a><a class=\"wp-block-file__button wp-element-button\" href=\"https:\/\/sp7zabrze.edu.pl\/wp-content\/uploads\/2026\/02\/Regulamin-rekrutacji-oddzial-dwujezyczny-20262027.pdf\" download=\"\" aria-describedby=\"wp-block-file--media-e909a9c5-1774-4358-bbb1-46f4d3d93bbb\">Pobierz<\/a><\/div>\t\t\t\t\t\t\t\t<\/div>\n\t\t\t\t<\/div>\n\t\t\t\t\t<\/div>\n\t\t\t\t<\/div>\n\t\t<div class=\"elementor-element elementor-element-b02673c e-flex e-con-boxed e-con e-parent\" data-id=\"b02673c\" data-element_type=\"container\" data-e-type=\"container\">\n\t\t\t\t\t<div class=\"e-con-inner\">\n\t\t\t\t<div class=\"elementor-element elementor-element-38d0ad7 elementor-widget elementor-widget-image\" data-id=\"38d0ad7\" data-element_type=\"widget\" data-e-type=\"widget\" data-widget_type=\"image.default\">\n\t\t\t\t<div class=\"elementor-widget-container\">\n\t\t\t\t\t\t\t\t\t\t\t\t\t\t\t<img fetchpriority=\"high\" decoding=\"async\" width=\"360\" height=\"236\" src=\"https:\/\/sp7zabrze.edu.pl\/wp-content\/uploads\/2026\/02\/dwujezyczna.jpg\" class=\"attachment-education-hub-thumb size-education-hub-thumb wp-image-3180\" alt=\"\" \/>\t\t\t\t\t\t\t\t\t\t\t\t\t\t\t<\/div>\n\t\t\t\t<\/div>\n\t\t\t\t\t<\/div>\n\t\t\t\t<\/div>\n\t\t<div class=\"elementor-element elementor-element-07fc4b5 e-flex e-con-boxed e-con e-parent\" data-id=\"07fc4b5\" data-element_type=\"container\" data-e-type=\"container\">\n\t\t\t\t\t<div class=\"e-con-inner\">\n\t\t\t\t<div class=\"elementor-element elementor-element-06eec2d elementor-widget elementor-widget-heading\" data-id=\"06eec2d\" data-element_type=\"widget\" data-e-type=\"widget\" data-widget_type=\"heading.default\">\n\t\t\t\t<div class=\"elementor-widget-container\">\n\t\t\t\t\t<h2 class=\"elementor-heading-title elementor-size-default\">Rekrutacja 2026\/2027<\/h2>\t\t\t\t<\/div>\n\t\t\t\t<\/div>\n\t\t\t\t\t<\/div>\n\t\t\t\t<\/div>\n\t\t<div class=\"elementor-element elementor-element-160041ed e-flex e-con-boxed e-con e-parent\" data-id=\"160041ed\" data-element_type=\"container\" data-e-type=\"container\">\n\t\t\t\t\t<div class=\"e-con-inner\">\n\t\t\t\t<div class=\"elementor-element elementor-element-f71a056 elementor-widget elementor-widget-text-editor\" data-id=\"f71a056\" data-element_type=\"widget\" data-e-type=\"widget\" data-widget_type=\"text-editor.default\">\n\t\t\t\t<div class=\"elementor-widget-container\">\n\t\t\t\t\t\t\t\t\t<p><strong>Dyrektor Szko\u0142y Podstawowej Nr 7 w Zabrzu informuje, \u017ce przyjmowane s\u0105 zg\u0142oszenia do klasy I na rok szkolny 2026\/2027 dzieci zamieszka\u0142ych w obwodzie szko\u0142y.<\/strong><\/p>\n<p><strong>Wykaz ulic nale\u017c\u0105cych do obwodu SP7:<\/strong><\/p>\n<ul>\n<li>Dionizego Trocera 20-44 i 39-63,<\/li>\n<li>Gliwicka, Jana Galla,<\/li>\n<li>J\u00f3zefa Ciupki,<\/li>\n<li>Juliusza S\u0142owackiego,<\/li>\n<li>\u0141anowa,<\/li>\n<li>Marsza\u0142ka J\u00f3zefa Pi\u0142sudskiego\u00a01-13 i 12-28,<\/li>\n<li>Micha\u0142a Wo\u0142odyjowskiego,<\/li>\n<li>Nad Kana\u0142em,<\/li>\n<li>Nowa,<\/li>\n<li>Opawska,<\/li>\n<li>Plac S\u0142owia\u0144ski,<\/li>\n<li>Pokoju,<\/li>\n<li>Przy Bramie,<\/li>\n<li>Skalista,<\/li>\n<li>Sokolska,<\/li>\n<li>Stanis\u0142awa Wyspia\u0144skiego,<\/li>\n<li>Staromiejska 47-71 i 80-114,<\/li>\n<li>Wolno\u015bci 67-67b,<\/li>\n<li>Wolno\u015bci 99-149 i 68-150,<\/li>\n<li>Wolska,<\/li>\n<li>Zakopia\u0144ska<\/li>\n<\/ul>\n<p><a id=\"wp-block-file--media-5f0152a9-25d9-469a-9610-136d2273f710\" href=\"https:\/\/sp7zabrze.edu.pl\/wp-content\/uploads\/2024\/04\/Zgloszenie-dziecka-rejonowego-do-klasy-pierwszej-1-2.pdf\">Zg\u0142oszenie dziecka do klasy I &#8211; rejon<\/a><a class=\"wp-block-file__button wp-element-button\" href=\"https:\/\/sp7zabrze.edu.pl\/wp-content\/uploads\/2026\/03\/Zgloszenie-dziecka-rejonowego-do-klasy-pierwszej-zweryfikowany-1.pdf\" download=\"\" aria-describedby=\"wp-block-file--media-5f0152a9-25d9-469a-9610-136d2273f710\">Pobierz<\/a><\/p>\n<p><!-- \/wp:file --><\/p>\n<p><!-- wp:file {\"id\":1978,\"href\":\"https:\/\/sp7zabrze.edu.pl\/wp-content\/uploads\/2024\/04\/Wniosek-kandydata-do-klasy-I-spoza-obwodu.doc\"} --><\/p>\n<p><!-- \/wp:file --><\/p>\n<p><!-- wp:file {\"id\":1984,\"href\":\"https:\/\/sp7zabrze.edu.pl\/wp-content\/uploads\/2024\/04\/Wniosek-kandydata-do-klasy-starszej-spoza-obwodu.pdf\",\"displayPreview\":false} --><\/p>\n<div class=\"wp-block-file\"><a id=\"wp-block-file--media-06cb8633-147b-4328-9a7f-3190186a23ba\" href=\"https:\/\/sp7zabrze.edu.pl\/wp-content\/uploads\/2024\/04\/Wniosek-kandydata-do-klasy-starszej-spoza-obwodu.pdf\">Zg\u0142oszenie dziecka do klasy starszej<\/a><a class=\"wp-block-file__button wp-element-button\" href=\"https:\/\/sp7zabrze.edu.pl\/wp-content\/uploads\/2024\/04\/Wniosek-kandydata-do-klasy-starszej-spoza-obwodu.pdf\" download=\"\" aria-describedby=\"wp-block-file--media-06cb8633-147b-4328-9a7f-3190186a23ba\">Pobierz<\/a><\/div>\n<p><!-- \/wp:file --><\/p>\n<p><!-- wp:file {\"id\":1948,\"href\":\"https:\/\/sp7zabrze.edu.pl\/wp-content\/uploads\/2024\/02\/Wniosek-o-przyjecie-do-klasy-dwujezycznej-1.pdf\",\"displayPreview\":false} --><\/p>\n<div class=\"wp-block-file\">\u00a0<\/div>\n<p><!-- \/wp:file --><\/p>\t\t\t\t\t\t\t\t<\/div>\n\t\t\t\t<\/div>\n\t\t\t\t\t<\/div>\n\t\t\t\t<\/div>\n\t\t\t\t<\/div>\n\t\t","protected":false},"excerpt":{"rendered":"<p>Rekrutacja do klasy dwuj\u0119zycznej na rok szkolny 2026\/2027 W nadchodz\u0105cym roku szkolnym planujemy utworzenie klasy dwuj\u0119zycznej na poziomie klasy si\u00f3dmej. <a href=\"https:\/\/sp7zabrze.edu.pl\/?page_id=537\" class=\"read-more\">Read More &#8230;<\/a><\/p>\n","protected":false},"author":1,"featured_media":0,"parent":0,"menu_order":0,"comment_status":"closed","ping_status":"closed","template":"","meta":{"_EventAllDay":false,"_EventTimezone":"","_EventStartDate":"","_EventEndDate":"","_EventStartDateUTC":"","_EventEndDateUTC":"","_EventShowMap":false,"_EventShowMapLink":false,"_EventURL":"","_EventCost":"","_EventCostDescription":"","_EventCurrencySymbol":"","_EventCurrencyCode":"","_EventCurrencyPosition":"","_EventDateTimeSeparator":"","_EventTimeRangeSeparator":"","_EventOrganizerID":[],"_EventVenueID":[],"_OrganizerEmail":"","_OrganizerPhone":"","_OrganizerWebsite":"","_VenueAddress":"","_VenueCity":"","_VenueCountry":"","_VenueProvince":"","_VenueState":"","_VenueZip":"","_VenuePhone":"","_VenueURL":"","_VenueStateProvince":"","_VenueLat":"","_VenueLng":"","_VenueShowMap":false,"_VenueShowMapLink":false,"footnotes":""},"class_list":["post-537","page","type-page","status-publish","hentry"],"_links":{"self":[{"href":"https:\/\/sp7zabrze.edu.pl\/index.php?rest_route=\/wp\/v2\/pages\/537","targetHints":{"allow":["GET"]}}],"collection":[{"href":"https:\/\/sp7zabrze.edu.pl\/index.php?rest_route=\/wp\/v2\/pages"}],"about":[{"href":"https:\/\/sp7zabrze.edu.pl\/index.php?rest_route=\/wp\/v2\/types\/page"}],"author":[{"embeddable":true,"href":"https:\/\/sp7zabrze.edu.pl\/index.php?rest_route=\/wp\/v2\/users\/1"}],"replies":[{"embeddable":true,"href":"https:\/\/sp7zabrze.edu.pl\/index.php?rest_route=%2Fwp%2Fv2%2Fcomments&post=537"}],"version-history":[{"count":55,"href":"https:\/\/sp7zabrze.edu.pl\/index.php?rest_route=\/wp\/v2\/pages\/537\/revisions"}],"predecessor-version":[{"id":3236,"href":"https:\/\/sp7zabrze.edu.pl\/index.php?rest_route=\/wp\/v2\/pages\/537\/revisions\/3236"}],"wp:attachment":[{"href":"https:\/\/sp7zabrze.edu.pl\/index.php?rest_route=%2Fwp%2Fv2%2Fmedia&parent=537"}],"curies":[{"name":"wp","href":"https:\/\/api.w.org\/{rel}","templated":true}]}}