{"id":71,"date":"2018-07-16T08:27:15","date_gmt":"2018-07-16T06:27:15","guid":{"rendered":"https:\/\/sp7zabrze.edu.pl\/?page_id=71"},"modified":"2018-07-18T16:24:49","modified_gmt":"2018-07-18T14:24:49","slug":"pedagog-szkolny","status":"publish","type":"page","link":"https:\/\/sp7zabrze.edu.pl\/?page_id=71","title":{"rendered":"Pedagog szkolny"},"content":{"rendered":"<div><strong>PEDAGOG SZKOLNY<\/strong><\/div>\n<div>\n<div>1.Celem pomocy psychologicznej i pedagogicznej udzielanej uczniom jest wspomaganie rozwoju psychicznego i efektywno\u015bci uczenia si\u0119, w szczeg\u00f3lno\u015bci przez korygowanie odchyle\u0144 od normy, wyr\u00f3wnywanie i korygowanie brak\u00f3w w opanowaniu programu nauczania oraz eliminowanie przyczyn i przejaw\u00f3w zaburze\u0144, w tym zaburze\u0144 zachowania.<\/div>\n<div>2. Pomoc psychologiczna i pedagogiczna jest udzielana na wniosek ucznia, nauczyciela, pedagoga, rodzic\u00f3w lub innych os\u00f3b.<\/div>\n<div>3. Do zada\u0144 pedagoga szkolnego nale\u017cy w szczeg\u00f3lno\u015bci:<\/div>\n<div>a) rozpoznawanie warunk\u00f3w rodzinnych, zdrowotnych, materialnych,<\/div>\n<div>b) udzielanie indywidualnej i zespo\u0142owej pomocy terapeutycznej potrzebuj\u0105cym tego uczniom,<\/div>\n<div>c) prowadzenie spraw z zakresu pomocy materialnej dla uczni\u00f3w,<\/div>\n<div>d) inspirowanie oraz przeprowadzanie form dzia\u0142ania o charakterze profilaktycznym, socjalizacyjnym i resocjalizacyjnym.<\/div>\n<div>e) udzielanie rodzicom porad u\u0142atwiaj\u0105cych rozwi\u0105zywanie przez nich trudno\u015bci w wychowaniu w\u0142asnych dzieci,<\/div>\n<div>f) udzielanie pomocy wychowawcom i pozosta\u0142ym nauczycielom w ich pracy z uczniami sprawiaj\u0105cymi trudno\u015bci wychowawcze.<\/div>\n<div>4. W ramach realizacji swoich zada\u0144 pedagog szkolny mo\u017ce:<\/div>\n<div>a) korzysta\u0107 z dokument\u00f3w pozostaj\u0105cych w gestii Szko\u0142y,<\/div>\n<div>b) wsp\u00f3\u0142dzia\u0142a\u0107 z odpowiednimi plac\u00f3wkami o\u015bwiatowymi, s\u0105dowymi, policj\u0105.<\/div>\n<div>5. Pedagog szkolny odpowiedzialny jest za:<\/div>\n<div>a) podejmowanie dzia\u0142a\u0144 profilaktyczno &#8211; wychowawczych wynikaj\u0105cych z programu wychowawczego i profilaktycznego szko\u0142y w stosunku do uczni\u00f3w z udzia\u0142em rodzic\u00f3w i nauczycieli;<\/div>\n<div>b) prowadzenie edukacji prozdrowotnej i promocji zdrowia w\u015br\u00f3d uczni\u00f3w, nauczycieli i rodzic\u00f3w, wsp\u00f3\u0142dzia\u0142aj\u0105c w tym zakresie z piel\u0119gniarka szkoln\u0105;<\/div>\n<div>c) zwracanie uwagi na przestrzeganie przez szko\u0142\u0119 postanowie\u0144 konwencji o prawach dziecka;<\/div>\n<div>d) rozpoznawanie warunk\u00f3w \u017cycia i nauki uczni\u00f3w sprawiaj\u0105cych trudno\u015bci w procesie dydaktyczno &#8211; wychowawczym;<\/div>\n<div>e) rozpoznawanie sposobu sp\u0119dzania wolnego czasu przez uczni\u00f3w wymagaj\u0105cych szczeg\u00f3lnej opieki i pomocy wychowawczej;<\/div>\n<div>f) wspieranie dzia\u0142a\u0144 stworzenia uczniom wymagaj\u0105cym szczeg\u00f3lnej opieki i pomocy mo\u017cliwo\u015bci udzia\u0142u w r\u00f3\u017cnych formach zaj\u0119\u0107 pozalekcyjnych;<\/div>\n<div>h) udzielanie uczniom pomocy w eliminowaniu napi\u0119\u0107 psychicznych nawarstwiaj\u0105cych si\u0119 na tle niepowodze\u0144 szkolnych;<\/div>\n<div>i) prowadzenie zaj\u0119\u0107 psychoedukacyjnych dla dzieci z trudno\u015bciami wychowawczymi lub innych zaj\u0119\u0107 grupowych dotycz\u0105cych pozytywnych wzmocnie\u0144;<\/div>\n<div>j) przeciwdzia\u0142anie skrajnym formom niedostosowania spo\u0142ecznego dzieci i m\u0142odzie\u017cy;<\/div>\n<div>k) wnioskowanie o kierowanie spraw uczni\u00f3w zaniedbanych \u015brodowiskowo do odpowiednich s\u0105d\u00f3w dla nieletnich.<\/div>\n<div>Spotkania pedagoga z rodzicami odbywaj\u0105 si\u0119 w poniedzia\u0142ki w godzinach 15.30 &#8211; 16.30. Dy\u017cur dodatkowy w czasie konsultacji.<\/div>\n<div>Indywidualne kontakty z rodzicami i opiekunami uczni\u00f3w odbywaj\u0105 si\u0119 w celu:<\/div>\n<ul>\n<li>udzielania porad w zakresie spraw wychowawczych, opieku\u0144czych i dydaktycznych<\/li>\n<li>informowania o instytucjach udzielaj\u0105cych pomocy rodzinom<\/li>\n<li>sk\u0142adania wniosk\u00f3w w sprawie dofinansowania do podr\u0119cznik\u00f3w oraz stypendi\u00f3w szkolnych<\/li>\n<li>realizacji stypendi\u00f3w szkolnych oraz pomocy rzeczowej<\/li>\n<\/ul>\n<\/div>\n","protected":false},"excerpt":{"rendered":"<p>PEDAGOG SZKOLNY 1.Celem pomocy psychologicznej i pedagogicznej udzielanej uczniom jest wspomaganie rozwoju psychicznego i efektywno\u015bci uczenia si\u0119, w szczeg\u00f3lno\u015bci przez <a href=\"https:\/\/sp7zabrze.edu.pl\/?page_id=71\" class=\"read-more\">Read More &#8230;<\/a><\/p>\n","protected":false},"author":1,"featured_media":0,"parent":0,"menu_order":0,"comment_status":"closed","ping_status":"closed","template":"","meta":{"_EventAllDay":false,"_EventTimezone":"","_EventStartDate":"","_EventEndDate":"","_EventStartDateUTC":"","_EventEndDateUTC":"","_EventShowMap":false,"_EventShowMapLink":false,"_EventURL":"","_EventCost":"","_EventCostDescription":"","_EventCurrencySymbol":"","_EventCurrencyCode":"","_EventCurrencyPosition":"","_EventDateTimeSeparator":"","_EventTimeRangeSeparator":"","_EventOrganizerID":[],"_EventVenueID":[],"_OrganizerEmail":"","_OrganizerPhone":"","_OrganizerWebsite":"","_VenueAddress":"","_VenueCity":"","_VenueCountry":"","_VenueProvince":"","_VenueState":"","_VenueZip":"","_VenuePhone":"","_VenueURL":"","_VenueStateProvince":"","_VenueLat":"","_VenueLng":"","_VenueShowMap":false,"_VenueShowMapLink":false,"footnotes":""},"class_list":["post-71","page","type-page","status-publish","hentry"],"_links":{"self":[{"href":"https:\/\/sp7zabrze.edu.pl\/index.php?rest_route=\/wp\/v2\/pages\/71","targetHints":{"allow":["GET"]}}],"collection":[{"href":"https:\/\/sp7zabrze.edu.pl\/index.php?rest_route=\/wp\/v2\/pages"}],"about":[{"href":"https:\/\/sp7zabrze.edu.pl\/index.php?rest_route=\/wp\/v2\/types\/page"}],"author":[{"embeddable":true,"href":"https:\/\/sp7zabrze.edu.pl\/index.php?rest_route=\/wp\/v2\/users\/1"}],"replies":[{"embeddable":true,"href":"https:\/\/sp7zabrze.edu.pl\/index.php?rest_route=%2Fwp%2Fv2%2Fcomments&post=71"}],"version-history":[{"count":2,"href":"https:\/\/sp7zabrze.edu.pl\/index.php?rest_route=\/wp\/v2\/pages\/71\/revisions"}],"predecessor-version":[{"id":186,"href":"https:\/\/sp7zabrze.edu.pl\/index.php?rest_route=\/wp\/v2\/pages\/71\/revisions\/186"}],"wp:attachment":[{"href":"https:\/\/sp7zabrze.edu.pl\/index.php?rest_route=%2Fwp%2Fv2%2Fmedia&parent=71"}],"curies":[{"name":"wp","href":"https:\/\/api.w.org\/{rel}","templated":true}]}}