{"id":73,"date":"2018-07-16T08:27:16","date_gmt":"2018-07-16T06:27:16","guid":{"rendered":"https:\/\/sp7zabrze.edu.pl\/?page_id=73"},"modified":"2026-03-21T12:28:05","modified_gmt":"2026-03-21T11:28:05","slug":"stolowka-szkolna","status":"publish","type":"page","link":"https:\/\/sp7zabrze.edu.pl\/?page_id=73","title":{"rendered":"Sto\u0142\u00f3wka szkolna"},"content":{"rendered":"\t\t<div data-elementor-type=\"wp-page\" data-elementor-id=\"73\" class=\"elementor elementor-73\">\n\t\t\t\t<div class=\"elementor-element elementor-element-a926f17 e-flex e-con-boxed e-con e-parent\" data-id=\"a926f17\" data-element_type=\"container\" data-e-type=\"container\">\n\t\t\t\t\t<div class=\"e-con-inner\">\n\t\t\t\t<div class=\"elementor-element elementor-element-a633d21 elementor-widget elementor-widget-text-editor\" data-id=\"a633d21\" data-element_type=\"widget\" data-e-type=\"widget\" data-widget_type=\"text-editor.default\">\n\t\t\t\t<div class=\"elementor-widget-container\">\n\t\t\t\t\t\t\t\t\t<h1>Drodzy Rodzice,<\/h1><p>Je\u015bli chcecie w roku szkolnym 2025\/26 zapisa\u0107 swoje dziecko na obiady w sto\u0142\u00f3wce szkolnej,\u00a0<\/p><p>prosimy o zg\u0142oszenie si\u0119 do pani intendentki w celu podpisania umowy na korzystanie ze sto\u0142\u00f3wki szkolnej.<\/p><p>Do zawarcia umowy konieczne s\u0105 dow\u00f3d osobisty rodzica lub opiekuna prawnego dziecka oraz PESEL.<\/p><p>Serdecznie zapraszamy do skorzystania z oferty naszej sto\u0142\u00f3wki!<\/p>\t\t\t\t\t\t\t\t<\/div>\n\t\t\t\t<\/div>\n\t\t\t\t\t<\/div>\n\t\t\t\t<\/div>\n\t\t<div class=\"elementor-element elementor-element-92e287f e-flex e-con-boxed e-con e-parent\" data-id=\"92e287f\" data-element_type=\"container\" data-e-type=\"container\">\n\t\t\t\t\t<div class=\"e-con-inner\">\n\t\t\t\t<div class=\"elementor-element elementor-element-8d2407f elementor-widget elementor-widget-text-editor\" data-id=\"8d2407f\" data-element_type=\"widget\" data-e-type=\"widget\" data-widget_type=\"text-editor.default\">\n\t\t\t\t<div class=\"elementor-widget-container\">\n\t\t\t\t\t\t\t\t\t<p><strong>Cena jednego obiadu w roku szkolnym 2025\/2026<\/strong><\/p><p><strong>Dla ucznia wynosi\u00a0 &#8211; 8,50 <\/strong><strong>\u00a0z\u0142<\/strong><\/p><p><strong>Dla pracownika wynosi\u00a0 &#8211;\u00a0 17,00 z\u0142<\/strong><\/p>\t\t\t\t\t\t\t\t<\/div>\n\t\t\t\t<\/div>\n\t\t\t\t\t<\/div>\n\t\t\t\t<\/div>\n\t\t<div class=\"elementor-element elementor-element-c2bf9f4 e-flex e-con-boxed e-con e-parent\" data-id=\"c2bf9f4\" data-element_type=\"container\" data-e-type=\"container\">\n\t\t\t\t\t<div class=\"e-con-inner\">\n\t\t\t\t<div class=\"elementor-element elementor-element-a36a400 elementor-widget elementor-widget-text-editor\" data-id=\"a36a400\" data-element_type=\"widget\" data-e-type=\"widget\" data-widget_type=\"text-editor.default\">\n\t\t\t\t<div class=\"elementor-widget-container\">\n\t\t\t\t\t\t\t\t\t<h3><b style=\"color: #666666; font-size: 16px; font-family: Tillana, sans-serif; background-color: inherit;\">Op\u0142ata za obiady obliczana jest w nast\u0119puj\u0105cy spos\u00f3b:<\/b><\/h3><p>np.\u00a0 Miesi\u0105c wrzesie\u0144:\u00a012 dni\u00a0 x\u00a0 8,50 = 102 z\u0142<\/p>\t\t\t\t\t\t\t\t<\/div>\n\t\t\t\t<\/div>\n\t\t\t\t\t<\/div>\n\t\t\t\t<\/div>\n\t\t<div class=\"elementor-element elementor-element-71a1a1e e-flex e-con-boxed e-con e-parent\" data-id=\"71a1a1e\" data-element_type=\"container\" data-e-type=\"container\">\n\t\t\t\t\t<div class=\"e-con-inner\">\n\t\t\t\t<div class=\"elementor-element elementor-element-7280a44 elementor-widget elementor-widget-text-editor\" data-id=\"7280a44\" data-element_type=\"widget\" data-e-type=\"widget\" data-widget_type=\"text-editor.default\">\n\t\t\t\t<div class=\"elementor-widget-container\">\n\t\t\t\t\t\t\t\t\t<p><span style=\"text-decoration: underline;\"><strong>OBIADY B\u0118D\u0104 WYDAWANE OD\u00a0 09.09.2024r.<\/strong><\/span><\/p>\t\t\t\t\t\t\t\t<\/div>\n\t\t\t\t<\/div>\n\t\t\t\t\t<\/div>\n\t\t\t\t<\/div>\n\t\t<div class=\"elementor-element elementor-element-cd1a176 e-flex e-con-boxed e-con e-parent\" data-id=\"cd1a176\" data-element_type=\"container\" data-e-type=\"container\">\n\t\t\t\t\t<div class=\"e-con-inner\">\n\t\t\t\t<div class=\"elementor-element elementor-element-25a7071 elementor-widget elementor-widget-text-editor\" data-id=\"25a7071\" data-element_type=\"widget\" data-e-type=\"widget\" data-widget_type=\"text-editor.default\">\n\t\t\t\t<div class=\"elementor-widget-container\">\n\t\t\t\t\t\t\t\t\t<p>Regulamin sto\u0142\u00f3wki szkolnej\u00a0<a href=\"https:\/\/sp7zabrze.edu.pl\/wp-content\/uploads\/2025\/08\/REGULAMIN-KORZYSTANIA-ZE-STOLOWKI-SZKOLNEJ.pdf\"><u><b>kliknij tutaj<\/b><\/u><\/a><\/p><p>Umowa\u00a0<a style=\"text-align: var(--text-align); font-family: var( --e-global-typography-text-font-family ), Sans-serif;\" href=\"https:\/\/sp7zabrze.edu.pl\/wp-content\/uploads\/2026\/02\/UMOWA-obiady-nowa-1.pdf\"><u><b>kliknij tutaj<\/b><\/u><\/a><\/p><p><span style=\"text-align: var(--text-align); background-color: inherit;\">Alergeny<\/span><span style=\"text-align: var(--text-align); background-color: inherit;\">\u00a0<\/span><a style=\"text-align: var(--text-align); font-family: var( --e-global-typography-text-font-family ), Sans-serif;\" href=\"https:\/\/sp7zabrze.edu.pl\/wp-content\/uploads\/2019\/10\/Alergeny-w-%C5%BCywno%C5%9Bci.pdf\" data-type=\"attachment\" data-id=\"730\"><u><b>kliknij tutaj<\/b><\/u><\/a><\/p>\t\t\t\t\t\t\t\t<\/div>\n\t\t\t\t<\/div>\n\t\t\t\t\t<\/div>\n\t\t\t\t<\/div>\n\t\t<div class=\"elementor-element elementor-element-b584e38 e-flex e-con-boxed e-con e-parent\" data-id=\"b584e38\" data-element_type=\"container\" data-e-type=\"container\">\n\t\t\t\t\t<div class=\"e-con-inner\">\n\t\t\t\t<div class=\"elementor-element elementor-element-09f3065 elementor-widget elementor-widget-text-editor\" data-id=\"09f3065\" data-element_type=\"widget\" data-e-type=\"widget\" data-widget_type=\"text-editor.default\">\n\t\t\t\t<div class=\"elementor-widget-container\">\n\t\t\t\t\t\t\t\t\t<p>Aktualne jad\u0142ospisy znajduj\u0105 si\u0119 na stronie Facebook w albumie &#8222;Jad\u0142ospis&#8221;:<br \/><a href=\"https:\/\/www.facebook.com\/media\/set\/?set=a.854100980052334&amp;type=3\">[kliknij]<\/a><\/p>\t\t\t\t\t\t\t\t<\/div>\n\t\t\t\t<\/div>\n\t\t\t\t\t<\/div>\n\t\t\t\t<\/div>\n\t\t<div class=\"elementor-element elementor-element-1345416 e-flex e-con-boxed e-con e-parent\" data-id=\"1345416\" data-element_type=\"container\" data-e-type=\"container\">\n\t\t\t\t\t<div class=\"e-con-inner\">\n\t\t\t\t<div class=\"elementor-element elementor-element-4731c7b elementor-widget elementor-widget-image\" data-id=\"4731c7b\" data-element_type=\"widget\" data-e-type=\"widget\" data-widget_type=\"image.default\">\n\t\t\t\t<div class=\"elementor-widget-container\">\n\t\t\t\t\t\t\t\t\t\t\t\t\t\t\t<img fetchpriority=\"high\" decoding=\"async\" width=\"683\" height=\"1024\" src=\"https:\/\/sp7zabrze.edu.pl\/wp-content\/uploads\/2026\/03\/jadlo.png\" class=\"attachment-large size-large wp-image-3254\" alt=\"\" \/>\t\t\t\t\t\t\t\t\t\t\t\t\t\t\t<\/div>\n\t\t\t\t<\/div>\n\t\t\t\t\t<\/div>\n\t\t\t\t<\/div>\n\t\t\t\t<\/div>\n\t\t","protected":false},"excerpt":{"rendered":"<p>Drodzy Rodzice, Je\u015bli chcecie w roku szkolnym 2025\/26 zapisa\u0107 swoje dziecko na obiady w sto\u0142\u00f3wce szkolnej,\u00a0 prosimy o zg\u0142oszenie si\u0119 <a href=\"https:\/\/sp7zabrze.edu.pl\/?page_id=73\" class=\"read-more\">Read More &#8230;<\/a><\/p>\n","protected":false},"author":2,"featured_media":0,"parent":0,"menu_order":0,"comment_status":"closed","ping_status":"closed","template":"","meta":{"_EventAllDay":false,"_EventTimezone":"","_EventStartDate":"","_EventEndDate":"","_EventStartDateUTC":"","_EventEndDateUTC":"","_EventShowMap":false,"_EventShowMapLink":false,"_EventURL":"","_EventCost":"","_EventCostDescription":"","_EventCurrencySymbol":"","_EventCurrencyCode":"","_EventCurrencyPosition":"","_EventDateTimeSeparator":"","_EventTimeRangeSeparator":"","_EventOrganizerID":[],"_EventVenueID":[],"_OrganizerEmail":"","_OrganizerPhone":"","_OrganizerWebsite":"","_VenueAddress":"","_VenueCity":"","_VenueCountry":"","_VenueProvince":"","_VenueState":"","_VenueZip":"","_VenuePhone":"","_VenueURL":"","_VenueStateProvince":"","_VenueLat":"","_VenueLng":"","_VenueShowMap":false,"_VenueShowMapLink":false,"footnotes":""},"class_list":["post-73","page","type-page","status-publish","hentry"],"_links":{"self":[{"href":"https:\/\/sp7zabrze.edu.pl\/index.php?rest_route=\/wp\/v2\/pages\/73","targetHints":{"allow":["GET"]}}],"collection":[{"href":"https:\/\/sp7zabrze.edu.pl\/index.php?rest_route=\/wp\/v2\/pages"}],"about":[{"href":"https:\/\/sp7zabrze.edu.pl\/index.php?rest_route=\/wp\/v2\/types\/page"}],"author":[{"embeddable":true,"href":"https:\/\/sp7zabrze.edu.pl\/index.php?rest_route=\/wp\/v2\/users\/2"}],"replies":[{"embeddable":true,"href":"https:\/\/sp7zabrze.edu.pl\/index.php?rest_route=%2Fwp%2Fv2%2Fcomments&post=73"}],"version-history":[{"count":268,"href":"https:\/\/sp7zabrze.edu.pl\/index.php?rest_route=\/wp\/v2\/pages\/73\/revisions"}],"predecessor-version":[{"id":3257,"href":"https:\/\/sp7zabrze.edu.pl\/index.php?rest_route=\/wp\/v2\/pages\/73\/revisions\/3257"}],"wp:attachment":[{"href":"https:\/\/sp7zabrze.edu.pl\/index.php?rest_route=%2Fwp%2Fv2%2Fmedia&parent=73"}],"curies":[{"name":"wp","href":"https:\/\/api.w.org\/{rel}","templated":true}]}}