{"id":94,"date":"2018-07-16T08:31:04","date_gmt":"2018-07-16T06:31:04","guid":{"rendered":"https:\/\/sp7zabrze.edu.pl\/?page_id=94"},"modified":"2024-11-28T20:14:21","modified_gmt":"2024-11-28T19:14:21","slug":"zebrania-i-konsultacje","status":"publish","type":"page","link":"https:\/\/sp7zabrze.edu.pl\/?page_id=94","title":{"rendered":"Zebrania i konsultacje"},"content":{"rendered":"\n<p><\/p>\n\n\n\n<p><\/p>\n\n\n\n<figure class=\"wp-block-table\"><table><tbody><tr><td>Zebrania Rodzic\u00f3w<br>godz. 17:00 kl. I \u2013 III <br>godz. 17:30 kl. IV \u2013 VI<br>godz. 18:00 kl. VII \u2013 VIII<\/td><td>Poniedzia\u0142ki: <br><strong><strong>9 wrzesie\u0144 202<\/strong>4<\/strong><br><strong>9 grudzie\u0144 2024<br><strong>10 luty 202<\/strong>5<br><strong>19 maja 202<\/strong>5<\/strong><\/td><\/tr><tr><td>Konsultacje dla Rodzic\u00f3w godz. 17:30 \u2013 19:00<\/td><td><strong>21 pa\u017adziernika 2024 (poniedzia\u0142ek)<\/strong><br><strong>7 kwietnia 2025 (poniedzia\u0142ek)<\/strong><\/td><\/tr><\/tbody><\/table><\/figure>\n\n\n\n<p><\/p>\n\n\n\n<p><strong>WYKAZ GODZIN DOST\u0118PNO\u015aCI NAUCZYCIELI DLA UCZNI\u00d3W I RODZIC\u00d3W&nbsp;W<\/strong> <strong>ROKU SZKOLNYM 2024\/2025<\/strong><\/p>\n\n\n\n<figure class=\"wp-block-table\"><table class=\"has-fixed-layout\"><tbody><tr><td><strong>Lp.&nbsp;<\/strong><\/td><td><strong>Nazwisko i imi\u0119<\/strong><\/td><td><strong>Dzie\u0144 konsultacji<\/strong><\/td><td><strong>Godziny konsultacji<\/strong><\/td><\/tr><tr><td>1.<\/td><td>Anderwald Ewelina<\/td><td>\u015broda<\/td><td>14.30-15.30<\/td><\/tr><tr><td>2.<\/td><td>Ba\u0142anda Anna<\/td><td>wtorek<\/td><td>14:25-15:25<\/td><\/tr><tr><td>3.<\/td><td>Bara\u0144ska Wioletta<\/td><td>czwartek<\/td><td>8.00- 8.45<\/td><\/tr><tr><td>4.<\/td><td>B\u0105czek Agnieszka<\/td><td>wed\u0142ug potrzeb rodzic\u00f3w i nauczycieli po wcze\u015bniejszym uzgodnieniu<\/td><td>1 godzina w tygodniu<\/td><\/tr><tr><td>5.<\/td><td>Bieniek Teresa<\/td><td>wed\u0142ug potrzeb rodzic\u00f3w&nbsp; po wcze\u015bniejszym uzgodnieniu pi\u0105tek 13,30-14-30<\/td><td>1 godzina w tygodniu<\/td><\/tr><tr><td>6.<\/td><td>Borowski Wiktor<\/td><td><\/td><td><\/td><\/tr><tr><td>7.<\/td><td>Buras Katarzyna<\/td><td>poniedzia\u0142ek<\/td><td>8.00-8.45<\/td><\/tr><tr><td>8.<\/td><td>Czarnota Karolina<\/td><td>czwartek (co 2 tygodnie)<\/td><td>13.40.-14.25.<\/td><\/tr><tr><td>9.<\/td><td>Czerner Krzysztof<\/td><td>wed\u0142ug potrzeb rodzic\u00f3w po wcze\u015bniejszym uzgodnieniu&nbsp;czwartek<\/td><td>12:30-13:30<\/td><\/tr><tr><td>10.<\/td><td>Dworska Ewa<\/td><td>wtorek, \u015broda<\/td><td>15.30 &#8211; 16.00<\/td><\/tr><tr><td>11.<\/td><td>Faryna Piotr<\/td><td>\u015broda&nbsp;<\/td><td>8:55 &#8211; 9:40<\/td><\/tr><tr><td>12.<\/td><td>Ja\u0142owiecka Magdalena<\/td><td>czwartek<\/td><td>8:55 &#8211; 9:40<\/td><\/tr><tr><td>13.<\/td><td>Ju\u0144ska Iwona<\/td><td>wtorek<\/td><td>14:30 &#8211; 15:15<\/td><\/tr><tr><td>14.<\/td><td>Kaczmarczyk Ewa<\/td><td>wed\u0142ug potrzeb rodzic\u00f3w&nbsp; po wcze\u015bniejszym uzgodnieniu \u015broda 14-30 &#8211; 15:30<\/td><td>14:30 &#8211; 15:30<\/td><\/tr><tr><td>15.<\/td><td>Klimkowska Anna<\/td><td>poniedzia\u0142ek<\/td><td>8.55-9.40<\/td><\/tr><tr><td>16.<\/td><td>Korfanty-Kusz Katarzyna<\/td><td>wed\u0142ug potrzeb rodzic\u00f3w po wcze\u015bniejszym uzgodnieniu&nbsp;czwartek<\/td><td>11.45-12.30<\/td><\/tr><tr><td>17.<\/td><td>Krupi\u0144ska Agnieszka<\/td><td>poniedzia\u0142ek<\/td><td>15.30-16.30<\/td><\/tr><tr><td>18.<\/td><td>Krzych Sabina<\/td><td>\u015broda&nbsp;<\/td><td>15.15 -16.00<\/td><\/tr><tr><td>19.<\/td><td>Kujawska Izabela<\/td><td><\/td><td><\/td><\/tr><tr><td>20.<\/td><td>Kupiec Katarzyna<\/td><td><\/td><td><\/td><\/tr><tr><td>21.<\/td><td>Lara Izabela<\/td><td>czwartek&nbsp;<\/td><td>10:15 &#8211; 10:45&nbsp;<\/td><\/tr><tr><td>23.<\/td><td>Lisiecka\u2013Czernik Anna<\/td><td>pi\u0105tek<\/td><td>12.45 &#8211; 13.30<\/td><\/tr><tr><td>24.<\/td><td>Markowska Ewa<\/td><td>\u015broda&nbsp;<\/td><td>14:30 &#8211; 15:30<\/td><\/tr><tr><td>25.<\/td><td>Miciak Beata<\/td><td>wtorek<\/td><td>8.00- 8.45<\/td><\/tr><tr><td>26.<\/td><td>Mikulska\u2013Mory\u0144 Monika<\/td><td>wtorek<\/td><td>11.00-11.30<\/td><\/tr><tr><td>27.<\/td><td>Mo\u0144 Paulina<\/td><td><\/td><td><\/td><\/tr><tr><td>28.<\/td><td>Niezgoda Edyta<\/td><td><\/td><td><\/td><\/tr><tr><td>29.<\/td><td>Parkitny Ma\u0142gorzata<\/td><td>wtorek&nbsp;<\/td><td>9:40 &#8211; 10:40<\/td><\/tr><tr><td>30.<\/td><td>Paw\u0142owska Justyna<\/td><td>wtorek<\/td><td>12.45-13.30<\/td><\/tr><tr><td>31.<\/td><td>Pietryga Aleksandra<\/td><td>czwartek<\/td><td>9.50-10.50<\/td><\/tr><tr><td>32.<\/td><td>Polkowska Iwona<\/td><td>poniedzia\u0142ek&nbsp;<\/td><td>09:50-10:35<\/td><\/tr><tr><td>33.<\/td><td>Pomorska Maria<\/td><td>czwartek<\/td><td>7.15 &#8211; 8.00<\/td><\/tr><tr><td>34.<\/td><td>Przewo\u017anik Marta<\/td><td>\u015broda<\/td><td>8.00-8.45<\/td><\/tr><tr><td>35.<\/td><td>Rduch Oliwia<\/td><td><\/td><td><\/td><\/tr><tr><td>36.<\/td><td>Rudol Izabela<\/td><td>co drugi wtorek, pi\u0105tek<\/td><td>7.50 &#8211; 8.50<\/td><\/tr><tr><td>37.<\/td><td>Rudzka Iwona<\/td><td>poniedzia\u0142ek<\/td><td>8.55-9.40<\/td><\/tr><tr><td>38.<\/td><td>Schmidt Barbara<\/td><td>Pierwsza \u015broda miesi\u0105ca<\/td><td>10.35 -11. 35<\/td><\/tr><tr><td>39.<\/td><td>Seku\u0142a Alicja<\/td><td><\/td><td><\/td><\/tr><tr><td>40.<\/td><td>Suiska Beata<\/td><td><\/td><td><\/td><\/tr><tr><td>41.<\/td><td>Susiak Agnieszka<\/td><td>wtorek<\/td><td>14.20 &#8211; 15.20<\/td><\/tr><tr><td>42.<\/td><td>Szab\u0142owska Aleksandra<\/td><td>pi\u0105tek<\/td><td>9.40 &#8211; 10.10<\/td><\/tr><tr><td>43.<\/td><td>Szostak Ma\u0142gorzata<\/td><td>czwartek<\/td><td>8.55 &#8211; 9.40<\/td><\/tr><tr><td>44.<\/td><td>\u015awi\u0105tek Pawe\u0142<\/td><td>Czwartek<\/td><td>11:40 &#8211; 12:40<\/td><\/tr><tr><td>45.<\/td><td>Tatz Sabina<\/td><td>Czwartek&nbsp;<\/td><td>14.20-15.20<\/td><\/tr><tr><td>46.<\/td><td>Tekieli-Szajc Izabela<\/td><td>poniedzia\u0142ek&nbsp;<\/td><td>14.00-15.00<\/td><\/tr><tr><td>47.<\/td><td>Tenerowicz Katarzyna<\/td><td><\/td><td><\/td><\/tr><tr><td>48.<\/td><td>Trojankowska Ewa<\/td><td>wed\u0142ug potrzeb rodzic\u00f3w po wcze\u015bniejszym uzgodnieniu<\/td><td><\/td><\/tr><tr><td>49.&nbsp;<\/td><td>Turza\u0144ska Agnieszka<\/td><td><\/td><td><\/td><\/tr><tr><td>50.<\/td><td>Wienckol Wioletta<\/td><td><\/td><td><\/td><\/tr><tr><td>51.<\/td><td>Wojciechowska Justyna<\/td><td>wed\u0142ug potrzeb rodzic\u00f3w po wcze\u015bniejszym uzgodnieniu<\/td><td><\/td><\/tr><\/tbody><\/table><\/figure>\n","protected":false},"excerpt":{"rendered":"<p>Zebrania Rodzic\u00f3wgodz. 17:00 kl. I \u2013 III godz. 17:30 kl. IV \u2013 VIgodz. 18:00 kl. VII \u2013 VIII Poniedzia\u0142ki: 9 <a href=\"https:\/\/sp7zabrze.edu.pl\/?page_id=94\" class=\"read-more\">Read More &#8230;<\/a><\/p>\n","protected":false},"author":1,"featured_media":0,"parent":0,"menu_order":0,"comment_status":"closed","ping_status":"closed","template":"","meta":{"_EventAllDay":false,"_EventTimezone":"","_EventStartDate":"","_EventEndDate":"","_EventStartDateUTC":"","_EventEndDateUTC":"","_EventShowMap":false,"_EventShowMapLink":false,"_EventURL":"","_EventCost":"","_EventCostDescription":"","_EventCurrencySymbol":"","_EventCurrencyCode":"","_EventCurrencyPosition":"","_EventDateTimeSeparator":"","_EventTimeRangeSeparator":"","_EventOrganizerID":[],"_EventVenueID":[],"_OrganizerEmail":"","_OrganizerPhone":"","_OrganizerWebsite":"","_VenueAddress":"","_VenueCity":"","_VenueCountry":"","_VenueProvince":"","_VenueState":"","_VenueZip":"","_VenuePhone":"","_VenueURL":"","_VenueStateProvince":"","_VenueLat":"","_VenueLng":"","_VenueShowMap":false,"_VenueShowMapLink":false,"footnotes":""},"class_list":["post-94","page","type-page","status-publish","hentry"],"_links":{"self":[{"href":"https:\/\/sp7zabrze.edu.pl\/index.php?rest_route=\/wp\/v2\/pages\/94","targetHints":{"allow":["GET"]}}],"collection":[{"href":"https:\/\/sp7zabrze.edu.pl\/index.php?rest_route=\/wp\/v2\/pages"}],"about":[{"href":"https:\/\/sp7zabrze.edu.pl\/index.php?rest_route=\/wp\/v2\/types\/page"}],"author":[{"embeddable":true,"href":"https:\/\/sp7zabrze.edu.pl\/index.php?rest_route=\/wp\/v2\/users\/1"}],"replies":[{"embeddable":true,"href":"https:\/\/sp7zabrze.edu.pl\/index.php?rest_route=%2Fwp%2Fv2%2Fcomments&post=94"}],"version-history":[{"count":25,"href":"https:\/\/sp7zabrze.edu.pl\/index.php?rest_route=\/wp\/v2\/pages\/94\/revisions"}],"predecessor-version":[{"id":2619,"href":"https:\/\/sp7zabrze.edu.pl\/index.php?rest_route=\/wp\/v2\/pages\/94\/revisions\/2619"}],"wp:attachment":[{"href":"https:\/\/sp7zabrze.edu.pl\/index.php?rest_route=%2Fwp%2Fv2%2Fmedia&parent=94"}],"curies":[{"name":"wp","href":"https:\/\/api.w.org\/{rel}","templated":true}]}}