{"id":95,"date":"2018-07-16T08:31:04","date_gmt":"2018-07-16T06:31:04","guid":{"rendered":"https:\/\/sp7zabrze.edu.pl\/?page_id=95"},"modified":"2018-07-18T16:21:29","modified_gmt":"2018-07-18T14:21:29","slug":"przyjmowanie-skarg-i-wnioskow","status":"publish","type":"page","link":"https:\/\/sp7zabrze.edu.pl\/?page_id=95","title":{"rendered":"Przyjmowanie skarg i wniosk\u00f3w"},"content":{"rendered":"<p><span class=\"system-pagebreak\">PRZYJMOWANIE W SPRAWIE SKARG I WNIOSK\u00d3W<br \/>\nDyrektor lub wicedyrektorzy Szko\u0142y Podstawowej nr 7 w Zabrzu przyjmuj\u0105 w sprawie skarg i wniosk\u00f3w:<\/span><\/p>\n<ul>\n<li class=\"system-pagebreak\">Dyrektor szko\u0142y w \u015brody od godziny 13.30 &#8211; 15.00 i ka\u017cdego dnia podczas obecno\u015bci,<\/li>\n<\/ul>\n<ul>\n<li class=\"system-pagebreak\">Wicedyrektorzy podczas nieobecno\u015bci dyrektora.<\/li>\n<\/ul>\n","protected":false},"excerpt":{"rendered":"<p>PRZYJMOWANIE W SPRAWIE SKARG I WNIOSK\u00d3W Dyrektor lub wicedyrektorzy Szko\u0142y Podstawowej nr 7 w Zabrzu przyjmuj\u0105 w sprawie skarg i <a href=\"https:\/\/sp7zabrze.edu.pl\/?page_id=95\" class=\"read-more\">Read More &#8230;<\/a><\/p>\n","protected":false},"author":1,"featured_media":0,"parent":0,"menu_order":0,"comment_status":"closed","ping_status":"closed","template":"","meta":{"_EventAllDay":false,"_EventTimezone":"","_EventStartDate":"","_EventEndDate":"","_EventStartDateUTC":"","_EventEndDateUTC":"","_EventShowMap":false,"_EventShowMapLink":false,"_EventURL":"","_EventCost":"","_EventCostDescription":"","_EventCurrencySymbol":"","_EventCurrencyCode":"","_EventCurrencyPosition":"","_EventDateTimeSeparator":"","_EventTimeRangeSeparator":"","_EventOrganizerID":[],"_EventVenueID":[],"_OrganizerEmail":"","_OrganizerPhone":"","_OrganizerWebsite":"","_VenueAddress":"","_VenueCity":"","_VenueCountry":"","_VenueProvince":"","_VenueState":"","_VenueZip":"","_VenuePhone":"","_VenueURL":"","_VenueStateProvince":"","_VenueLat":"","_VenueLng":"","_VenueShowMap":false,"_VenueShowMapLink":false,"footnotes":""},"class_list":["post-95","page","type-page","status-publish","hentry"],"_links":{"self":[{"href":"https:\/\/sp7zabrze.edu.pl\/index.php?rest_route=\/wp\/v2\/pages\/95","targetHints":{"allow":["GET"]}}],"collection":[{"href":"https:\/\/sp7zabrze.edu.pl\/index.php?rest_route=\/wp\/v2\/pages"}],"about":[{"href":"https:\/\/sp7zabrze.edu.pl\/index.php?rest_route=\/wp\/v2\/types\/page"}],"author":[{"embeddable":true,"href":"https:\/\/sp7zabrze.edu.pl\/index.php?rest_route=\/wp\/v2\/users\/1"}],"replies":[{"embeddable":true,"href":"https:\/\/sp7zabrze.edu.pl\/index.php?rest_route=%2Fwp%2Fv2%2Fcomments&post=95"}],"version-history":[{"count":2,"href":"https:\/\/sp7zabrze.edu.pl\/index.php?rest_route=\/wp\/v2\/pages\/95\/revisions"}],"predecessor-version":[{"id":181,"href":"https:\/\/sp7zabrze.edu.pl\/index.php?rest_route=\/wp\/v2\/pages\/95\/revisions\/181"}],"wp:attachment":[{"href":"https:\/\/sp7zabrze.edu.pl\/index.php?rest_route=%2Fwp%2Fv2%2Fmedia&parent=95"}],"curies":[{"name":"wp","href":"https:\/\/api.w.org\/{rel}","templated":true}]}}